{"id":1012,"date":"2017-11-30T18:59:03","date_gmt":"2017-11-30T18:59:03","guid":{"rendered":"http:\/\/standards.crto.on.ca\/?page_id=1012"},"modified":"2026-01-12T13:34:27","modified_gmt":"2026-01-12T18:34:27","slug":"home-2","status":"publish","type":"page","link":"https:\/\/standards.crto.on.ca\/fr\/","title":{"rendered":"Home"},"content":{"rendered":"<p>[et_pb_section fb_built=\u00a0\u00bb1&Prime; inner_shadow=\u00a0\u00bbon\u00a0\u00bb fullwidth=\u00a0\u00bbon\u00a0\u00bb _builder_version=\u00a0\u00bb4.16&Prime; background_image=\u00a0\u00bbhttps:\/\/standards.crto.on.ca\/wp-content\/uploads\/sites\/21\/2017\/08\/CRTO-healthcare.jpg\u00a0\u00bb background_position=\u00a0\u00bbbottom_center\u00a0\u00bb custom_css_main_element=\u00a0\u00bbborder-top: 3px solid #019bd7&Prime; global_colors_info=\u00a0\u00bb{}\u00a0\u00bb][et_pb_fullwidth_header background_overlay_color=\u00a0\u00bbrgba(255,255,255,0.3)\u00a0\u00bb _builder_version=\u00a0\u00bb4.16&Prime; background_color=\u00a0\u00bbrgba(255, 255, 255, 0)\u00a0\u00bb use_background_color_gradient=\u00a0\u00bbon\u00a0\u00bb background_color_gradient_direction=\u00a0\u00bb90deg\u00a0\u00bb background_color_gradient_stops=\u00a0\u00bbrgba(255,255,255,0.81) 53%|rgba(124,218,36,0) 67%\u00a0\u00bb background_color_gradient_start=\u00a0\u00bbrgba(255,255,255,0.81)\u00a0\u00bb background_color_gradient_start_position=\u00a0\u00bb53%\u00a0\u00bb background_color_gradient_end=\u00a0\u00bbrgba(124,218,36,0)\u00a0\u00bb background_color_gradient_end_position=\u00a0\u00bb67%\u00a0\u00bb parallax=\u00a0\u00bbon\u00a0\u00bb max_width_tablet=\u00a0\u00bb50px\u00a0\u00bb custom_css_main_element=\u00a0\u00bbpadding-top:200px;||padding-bottom:200px;\u00a0\u00bb global_colors_info=\u00a0\u00bb{}\u00a0\u00bb button_one_text_size__hover_enabled=\u00a0\u00bboff\u00a0\u00bb button_two_text_size__hover_enabled=\u00a0\u00bboff\u00a0\u00bb button_one_text_color__hover_enabled=\u00a0\u00bboff\u00a0\u00bb button_two_text_color__hover_enabled=\u00a0\u00bboff\u00a0\u00bb button_one_border_width__hover_enabled=\u00a0\u00bboff\u00a0\u00bb button_two_border_width__hover_enabled=\u00a0\u00bboff\u00a0\u00bb button_one_border_color__hover_enabled=\u00a0\u00bboff\u00a0\u00bb button_two_border_color__hover_enabled=\u00a0\u00bboff\u00a0\u00bb button_one_border_radius__hover_enabled=\u00a0\u00bboff\u00a0\u00bb button_two_border_radius__hover_enabled=\u00a0\u00bboff\u00a0\u00bb button_one_letter_spacing__hover_enabled=\u00a0\u00bboff\u00a0\u00bb button_two_letter_spacing__hover_enabled=\u00a0\u00bboff\u00a0\u00bb button_one_bg_color__hover_enabled=\u00a0\u00bboff\u00a0\u00bb button_two_bg_color__hover_enabled=\u00a0\u00bboff\u00a0\u00bb]<\/p>\n<h1 style=\"text-align: left;\"><span style=\"color: #019bd7;\">Ordre des th\u00e9rapeutes <br \/>respiratoires de l&rsquo;Ontario<\/span><\/h1>\n<p>&nbsp;<\/p>\n<h1 style=\"text-align: left;\"><span style=\"color: #019bd7; font-size: 30pt;\"><strong>NORMES DE PRATIQUE<\/strong><br \/><\/span><\/h1>\n<p>&nbsp;<\/p>\n<h3 style=\"text-align: left;\"><span style=\"color: #000000;\">le 12 d\u00e9cembre 2025<\/span><\/h3>\n<p>[\/et_pb_fullwidth_header][\/et_pb_section][et_pb_section fb_built=\u00a0\u00bb1&Prime; _builder_version=\u00a0\u00bb4.16&Prime; background_image=\u00a0\u00bbhttps:\/\/standards.crto.on.ca\/wp-content\/uploads\/sites\/21\/2017\/08\/crto-bluepattern.jpg\u00a0\u00bb parallax=\u00a0\u00bbon\u00a0\u00bb global_colors_info=\u00a0\u00bb{}\u00a0\u00bb][et_pb_row column_structure=\u00a0\u00bb1_3,2_3&Prime; _builder_version=\u00a0\u00bb4.16&Prime; background_color_gradient_direction=\u00a0\u00bb90deg\u00a0\u00bb global_colors_info=\u00a0\u00bb{}\u00a0\u00bb][et_pb_column type=\u00a0\u00bb1_3&Prime; _builder_version=\u00a0\u00bb4.16&Prime; custom_padding=\u00a0\u00bb|||\u00a0\u00bb global_colors_info=\u00a0\u00bb{}\u00a0\u00bb custom_padding__hover=\u00a0\u00bb|||\u00a0\u00bb][\/et_pb_column][et_pb_column type=\u00a0\u00bb2_3&Prime; _builder_version=\u00a0\u00bb4.16&Prime; custom_padding=\u00a0\u00bb|||\u00a0\u00bb global_colors_info=\u00a0\u00bb{}\u00a0\u00bb custom_padding__hover=\u00a0\u00bb|||\u00a0\u00bb][et_pb_text _builder_version=\u00a0\u00bb4.16&Prime; header_line_height=\u00a0\u00bb1.8em\u00a0\u00bb module_alignment=\u00a0\u00bbleft\u00a0\u00bb global_colors_info=\u00a0\u00bb{}\u00a0\u00bb]<\/p>\n<h4><strong>l&rsquo;Ordre des th\u00e9rapeutes respiratoires de l&rsquo;Ontario<\/strong><\/h4>\n<p>compte par tous les th\u00e9rapeutes respiratoires de l&rsquo;Ontario dans les soins qu&rsquo;ils prodiguent aux patients et dans l&rsquo;exercice de leur profession. Les publications de l&rsquo;OTRO sont produites en consultation avec des leaders de la profession et elles d\u00e9crivent les attentes relatives \u00e0 la pratique professionnelle. Il est important de noter que les publications de l&rsquo;OTRO peuvent \u00eatre utilis\u00e9es par l&rsquo;OTRO ou d&rsquo;autres organismes pour d\u00e9terminer si les normes de pratique appropri\u00e9es et les responsabilit\u00e9s professionnelles ont \u00e9t\u00e9 respect\u00e9es.[\/et_pb_text][\/et_pb_column][\/et_pb_row][\/et_pb_section][et_pb_section fb_built=\u00a0\u00bb1&Prime; disabled_on=\u00a0\u00bboff|off|\u00a0\u00bb module_class=\u00a0\u00bbno-bg-mobile\u00a0\u00bb _builder_version=\u00a0\u00bb4.16&Prime; background_color=\u00a0\u00bb#ffffff\u00a0\u00bb background_color_gradient_direction=\u00a0\u00bb1px\u00a0\u00bb background_image=\u00a0\u00bbhttps:\/\/standards.crto.on.ca\/wp-content\/uploads\/sites\/21\/2017\/08\/CRTO-PracticeBlocks-2.jpg\u00a0\u00bb background_position=\u00a0\u00bbbottom_center\u00a0\u00bb global_colors_info=\u00a0\u00bb{}\u00a0\u00bb][et_pb_row _builder_version=\u00a0\u00bb4.16&Prime; global_colors_info=\u00a0\u00bb{}\u00a0\u00bb][et_pb_column type=\u00a0\u00bb4_4&Prime; _builder_version=\u00a0\u00bb4.16&Prime; custom_padding=\u00a0\u00bb|||\u00a0\u00bb global_colors_info=\u00a0\u00bb{}\u00a0\u00bb custom_padding__hover=\u00a0\u00bb|||\u00a0\u00bb][et_pb_tabs active_tab_background_color=\u00a0\u00bb#019bd7&Prime; _builder_version=\u00a0\u00bb4.16&Prime; background_color=\u00a0\u00bbrgba(255,255,255,0)\u00a0\u00bb saved_tabs=\u00a0\u00bball\u00a0\u00bb global_colors_info=\u00a0\u00bb{}\u00a0\u00bb][et_pb_tab title=\u00a0\u00bbOBJECTIF\u00a0\u00bb _builder_version=\u00a0\u00bb4.16&Prime; body_font=\u00a0\u00bb||||||||\u00a0\u00bb tab_font=\u00a0\u00bb||||||||\u00a0\u00bb global_colors_info=\u00a0\u00bb{}\u00a0\u00bb]<\/p>\n<h2 style=\"text-align: left\"><span style=\"color: #019bd7\"><strong>OBJECTIF DES NORMES DE PRATIQUE<\/strong><\/span><\/h2>\n<p><!-- br--><\/p>\n<p>Les \u00ab normes de pratique \u00bb d&rsquo;une profession d\u00e9crivent les exigences auxquelles est assujettie la pratique professionnelle. De nombreuses normes sont \u00e9crites et officiellement approuv\u00e9es par l&rsquo;OTRO. D&rsquo;autres normes constituent des attentes non \u00e9crites qui d\u00e9finissent les pratiques g\u00e9n\u00e9ralement accept\u00e9es par les th\u00e9rapeutes respiratoires de l&rsquo;Ontario. <strong>Collectivement, les normes, de m\u00eame que la l\u00e9gislation pertinente (y compris les r\u00e8glements et statuts), les \u00e9nonc\u00e9s de principes, les politiques et les lignes directrices de pratique, encadrent la pratique de la th\u00e9rapie respiratoire en Ontario.<\/strong> Les organismes de r\u00e9glementation comme l&rsquo;OTRO sont tenus d&rsquo;\u00e9laborer et d&rsquo;appliquer des normes de pratique qui \u00e9tablissent ce qui suit :<\/p>\n<ul>\n<li>Le niveau de qualit\u00e9 et de s\u00e9curit\u00e9 exig\u00e9 dans la prestation de services professionnels au public par ses membres.<\/li>\n<li>Un cadre l\u00e9gislatif de la pratique professionnelle auquel sont assujettis tous les membres, quel que soit leur cat\u00e9gorie d&rsquo;agr\u00e9ment, description de poste et domaine de pratique.<\/li>\n<li>Un moyen de d\u00e9terminer si les normes de pratique et responsabilit\u00e9s professionnelles ont \u00e9t\u00e9 respect\u00e9es et sont maintenues par les membres.<\/li>\n<li>Une r\u00e9f\u00e9rence \u00e0 prendre en consid\u00e9ration lors du traitement de toute plainte port\u00e9e en lien avec les pratiques professionnelles des membres de l&rsquo;OTRO.<\/li>\n<li>Un m\u00e9canisme destin\u00e9 \u00e0 promouvoir le maintien de la comp\u00e9tence des membres des professions de la sant\u00e9 autor\u00e9glement\u00e9es en aidant les membres \u00e0 reconna\u00eetre les moyens d&rsquo;am\u00e9liorer constamment la qualit\u00e9 des services professionnels.<\/li>\n<\/ul>\n<p>Les membres de l&rsquo;OTRO sont tenus professionnellement responsables de se conformer \u00e0 ces Normes dans l&rsquo;exercice de la profession. Les Normes de pratique peuvent \u00eatre r\u00e9vis\u00e9es en tout temps et c&rsquo;est aux praticiens qu&rsquo;incombe la responsabilit\u00e9 de se tenir inform\u00e9s de tout changement applicable \u00e0 leur pratique de la profession<\/p>\n<hr \/>\n<p><strong>Il est important de noter <\/strong>que les employeurs peuvent avoir mis en place des politiques li\u00e9es \u00e0 certaines Normes. Si les politiques d&rsquo;un employeur sont plus restrictives que les attentes de l&rsquo;OTRO, le TR doit se conformer aux politiques de l&#8217;employeur. Dans les cas o\u00f9 les politiques d&rsquo;un employeur sont plus permissives que celles de l&rsquo;OTRO, le TR doit se conformer aux exigences de l&rsquo;OTRO.<\/p>\n<p>[\/et_pb_tab][et_pb_tab title=\u00a0\u00bbCOMMENT SONT ORGANIS\u00c9ES LES NORMES DE PRATIQUE\u00a0\u00bb _builder_version=\u00a0\u00bb4.16&Prime; body_font=\u00a0\u00bb||||||||\u00a0\u00bb tab_font=\u00a0\u00bb||||||||\u00a0\u00bb global_colors_info=\u00a0\u00bb{}\u00a0\u00bb]<\/p>\n<h2>Comment sont organis\u00e9es les Normes de pratique<\/h2>\n<p>Les Normes sont con\u00e7ues comme une entit\u00e9 globale et int\u00e9gr\u00e9e. <strong>Chaque Norme doit \u00eatre consid\u00e9r\u00e9e conjointement aux autres<\/strong>. Les Normes de pratique sont class\u00e9es en ordre alphab\u00e9tique pour en faciliter la consultation.<\/p>\n<p>Chaque Norme comprend les rubriques suivantes :<\/p>\n<ul>\n<li><em>\u00c9nonc\u00e9 de la norme <\/em>: description des exigences l\u00e9gales et professionnelles auxquelles sont assujettis les membres.<\/li>\n<li><em>Exigences en mati\u00e8re de rendement :<\/em> description des actions qui doivent \u00eatre d\u00e9montr\u00e9es pour indiquer que la norme est respect\u00e9e. Les exigences ne sont pas pr\u00e9sent\u00e9es en ordre d&rsquo;importance et elles ne constituent pas une liste exhaustive.<\/li>\n<li><em>R\u00e9sultats attendus pour le patient\/client :<\/em> description des attentes l\u00e9gitimes des patients quand ils re\u00e7oivent des soins.<\/li>\n<li><em>Normes connexes : <\/em>renseignements additionnels li\u00e9s \u00e0 une norme en particulier. <strong>Nous encourageons fortement les membres \u00e0 prendre connaissance de l&rsquo;information fournie sous la rubrique Normes connexes.<\/strong><\/li>\n<li><em>Ressources <\/em>: liste de documents qui fournissent des renseignements additionnels sur la norme.<\/li>\n<li><em>Glossaire <\/em>: liste des d\u00e9finitions des termes cl\u00e9s utilis\u00e9s dans les \u00e9nonc\u00e9s des normes. Les mots apparaissent en caract\u00e8res gras \u00e0 leur premi\u00e8re occurrence dans l&rsquo;\u00e9nonc\u00e9 de la Norme.<\/li>\n<\/ul>\n<p>[\/et_pb_tab][\/et_pb_tabs][et_pb_divider show_divider=\u00a0\u00bboff\u00a0\u00bb disabled_on=\u00a0\u00bboff\u00a0\u00bb _builder_version=\u00a0\u00bb4.16&Prime; custom_css_before=\u00a0\u00bbwidth: 130px; margin: auto;\u00a0\u00bb hide_on_mobile=\u00a0\u00bboff\u00a0\u00bb saved_tabs=\u00a0\u00bball\u00a0\u00bb global_colors_info=\u00a0\u00bb{}\u00a0\u00bb][\/et_pb_divider][et_pb_button button_url=\u00a0\u00bbhttp:\/\/www.crto.on.ca\/\u00a0\u00bb url_new_window=\u00a0\u00bbon\u00a0\u00bb button_text=\u00a0\u00bbVISITEZ LE SITE WEB DE L&rsquo;OTRO\u00a0\u00bb button_alignment=\u00a0\u00bbcenter\u00a0\u00bb disabled_on=\u00a0\u00bboff|off|off\u00a0\u00bb _builder_version=\u00a0\u00bb4.16&Prime; custom_button=\u00a0\u00bbon\u00a0\u00bb button_text_size=\u00a0\u00bb18&Prime; button_bg_color=\u00a0\u00bb#019bd7&Prime; custom_margin=\u00a0\u00bb45px|||\u00a0\u00bb saved_tabs=\u00a0\u00bball\u00a0\u00bb global_colors_info=\u00a0\u00bb{}\u00a0\u00bb button_text_size__hover_enabled=\u00a0\u00bboff\u00a0\u00bb button_one_text_size__hover_enabled=\u00a0\u00bboff\u00a0\u00bb button_two_text_size__hover_enabled=\u00a0\u00bboff\u00a0\u00bb button_text_color__hover_enabled=\u00a0\u00bboff\u00a0\u00bb button_one_text_color__hover_enabled=\u00a0\u00bboff\u00a0\u00bb button_two_text_color__hover_enabled=\u00a0\u00bboff\u00a0\u00bb button_border_width__hover_enabled=\u00a0\u00bboff\u00a0\u00bb button_one_border_width__hover_enabled=\u00a0\u00bboff\u00a0\u00bb button_two_border_width__hover_enabled=\u00a0\u00bboff\u00a0\u00bb button_border_color__hover_enabled=\u00a0\u00bboff\u00a0\u00bb button_one_border_color__hover_enabled=\u00a0\u00bboff\u00a0\u00bb button_two_border_color__hover_enabled=\u00a0\u00bboff\u00a0\u00bb button_border_radius__hover_enabled=\u00a0\u00bboff\u00a0\u00bb button_one_border_radius__hover_enabled=\u00a0\u00bboff\u00a0\u00bb button_two_border_radius__hover_enabled=\u00a0\u00bboff\u00a0\u00bb button_letter_spacing__hover_enabled=\u00a0\u00bboff\u00a0\u00bb button_one_letter_spacing__hover_enabled=\u00a0\u00bboff\u00a0\u00bb button_two_letter_spacing__hover_enabled=\u00a0\u00bboff\u00a0\u00bb button_bg_color__hover_enabled=\u00a0\u00bboff\u00a0\u00bb button_one_bg_color__hover_enabled=\u00a0\u00bboff\u00a0\u00bb button_two_bg_color__hover_enabled=\u00a0\u00bboff\u00a0\u00bb][\/et_pb_button][et_pb_divider show_divider=\u00a0\u00bboff\u00a0\u00bb disabled_on=\u00a0\u00bboff\u00a0\u00bb _builder_version=\u00a0\u00bb4.16&Prime; height=\u00a0\u00bb100px\u00a0\u00bb hide_on_mobile=\u00a0\u00bbon\u00a0\u00bb global_colors_info=\u00a0\u00bb{}\u00a0\u00bb][\/et_pb_divider][\/et_pb_column][\/et_pb_row][\/et_pb_section][et_pb_section fb_built=\u00a0\u00bb1&Prime; _builder_version=\u00a0\u00bb4.16&Prime; use_background_color_gradient=\u00a0\u00bbon\u00a0\u00bb background_color_gradient_stops=\u00a0\u00bb#ffffff 40%|#e0e0e0 100%\u00a0\u00bb background_color_gradient_start=\u00a0\u00bb#ffffff\u00a0\u00bb background_color_gradient_start_position=\u00a0\u00bb40%\u00a0\u00bb background_color_gradient_end=\u00a0\u00bb#e0e0e0&Prime; custom_css_main_element=\u00a0\u00bbborder-top: 3px solid #019bd7&Prime; global_colors_info=\u00a0\u00bb{}\u00a0\u00bb][et_pb_row _builder_version=\u00a0\u00bb4.16&Prime; background_size=\u00a0\u00bbinitial\u00a0\u00bb background_position=\u00a0\u00bbtop_left\u00a0\u00bb background_repeat=\u00a0\u00bbrepeat\u00a0\u00bb global_colors_info=\u00a0\u00bb{}\u00a0\u00bb][et_pb_column type=\u00a0\u00bb4_4&Prime; _builder_version=\u00a0\u00bb4.16&Prime; custom_padding=\u00a0\u00bb|||\u00a0\u00bb global_colors_info=\u00a0\u00bb{}\u00a0\u00bb custom_padding__hover=\u00a0\u00bb|||\u00a0\u00bb][et_pb_text admin_label=\u00a0\u00bbGET IN TOUCH\u00a0\u00bb _builder_version=\u00a0\u00bb4.16&Prime; module_alignment=\u00a0\u00bbleft\u00a0\u00bb custom_padding=\u00a0\u00bb||0px|\u00a0\u00bb global_colors_info=\u00a0\u00bb{}\u00a0\u00bb]<\/p>\n<h2 style=\"text-align: left\"><span style=\"color: #019bd7\"><strong>QUESTIONS OU COMMENTAIRES?<br \/>\n<\/strong><\/span><\/h2>\n<p>[\/et_pb_text][et_pb_divider show_divider=\u00a0\u00bboff\u00a0\u00bb disabled_on=\u00a0\u00bboff\u00a0\u00bb _builder_version=\u00a0\u00bb4.16&Prime; custom_css_before=\u00a0\u00bbwidth: 130px; margin: auto;\u00a0\u00bb hide_on_mobile=\u00a0\u00bboff\u00a0\u00bb saved_tabs=\u00a0\u00bball\u00a0\u00bb global_colors_info=\u00a0\u00bb{}\u00a0\u00bb][\/et_pb_divider][et_pb_code admin_label=\u00a0\u00bbContact Form\u00a0\u00bb module_class=\u00a0\u00bbcontactform\u00a0\u00bb _builder_version=\u00a0\u00bb4.16&Prime; global_colors_info=\u00a0\u00bb{}\u00a0\u00bb]\n<div class=\"wpcf7 no-js\" id=\"wpcf7-f1014-o1\" lang=\"en-US\" dir=\"ltr\" data-wpcf7-id=\"1014\">\n<div class=\"screen-reader-response\"><p role=\"status\" aria-live=\"polite\" aria-atomic=\"true\"><\/p> <ul><\/ul><\/div>\n<form action=\"\/fr\/wp-json\/wp\/v2\/pages\/1012#wpcf7-f1014-o1\" method=\"post\" class=\"wpcf7-form init\" aria-label=\"Contact form\" novalidate=\"novalidate\" data-status=\"init\">\n<fieldset class=\"hidden-fields-container\"><input type=\"hidden\" name=\"_wpcf7\" value=\"1014\" \/><input type=\"hidden\" name=\"_wpcf7_version\" value=\"6.1.4\" \/><input type=\"hidden\" name=\"_wpcf7_locale\" value=\"en_US\" \/><input type=\"hidden\" name=\"_wpcf7_unit_tag\" value=\"wpcf7-f1014-o1\" \/><input type=\"hidden\" name=\"_wpcf7_container_post\" value=\"0\" \/><input type=\"hidden\" name=\"_wpcf7_posted_data_hash\" value=\"\" \/><input type=\"hidden\" name=\"_wpcf7_recaptcha_response\" value=\"\" \/>\n<\/fieldset>\n<p><span class=\"wpcf7-form-control-wrap\" data-name=\"your-name\"><input size=\"40\" maxlength=\"400\" class=\"wpcf7-form-control wpcf7-text wpcf7-validates-as-required\" aria-required=\"true\" aria-invalid=\"false\" placeholder=\"Nom\" value=\"\" type=\"text\" name=\"your-name\" \/><\/span>\n<\/p>\n<p><span class=\"wpcf7-form-control-wrap\" data-name=\"your-email\"><input size=\"40\" maxlength=\"400\" class=\"wpcf7-form-control wpcf7-email wpcf7-validates-as-required wpcf7-text wpcf7-validates-as-email\" aria-required=\"true\" aria-invalid=\"false\" placeholder=\"Courriel\" value=\"\" type=\"email\" name=\"your-email\" \/><\/span>\n<\/p>\n<p><span class=\"wpcf7-form-control-wrap\" data-name=\"your-message\"><textarea cols=\"40\" rows=\"10\" maxlength=\"2000\" class=\"wpcf7-form-control wpcf7-textarea wpcf7-validates-as-required\" aria-required=\"true\" aria-invalid=\"false\" placeholder=\"Message\" name=\"your-message\"><\/textarea><\/span>\n<\/p>\n<p><input class=\"wpcf7-form-control wpcf7-submit has-spinner et_pb_button\" type=\"submit\" value=\"Envoyer\" \/>\n<\/p><div class=\"wpcf7-response-output\" aria-hidden=\"true\"><\/div>\n<\/form>\n<\/div>\n[\/et_pb_code][\/et_pb_column][\/et_pb_row][\/et_pb_section]<\/p>\n","protected":false},"excerpt":{"rendered":"<p>Ordre des th\u00e9rapeutes respiratoires de l&rsquo;Ontario &nbsp; NORMES DE PRATIQUE &nbsp; le 12 d\u00e9cembre 2025l&rsquo;Ordre des th\u00e9rapeutes respiratoires de l&rsquo;Ontario compte par tous les th\u00e9rapeutes respiratoires de l&rsquo;Ontario dans les soins qu&rsquo;ils prodiguent aux patients et dans l&rsquo;exercice de leur profession. Les publications de l&rsquo;OTRO sont produites en consultation avec des leaders de la profession [&hellip;]<\/p>\n","protected":false},"author":2,"featured_media":0,"parent":0,"menu_order":0,"comment_status":"closed","ping_status":"closed","template":"","meta":{"_et_pb_use_builder":"on","_et_pb_old_content":"","_et_gb_content_width":"","footnotes":""},"class_list":["post-1012","page","type-page","status-publish","hentry"],"yoast_head":"<!-- This site is optimized with the Yoast SEO plugin v26.9 - https:\/\/yoast.com\/product\/yoast-seo-wordpress\/ -->\n<title>Home - CRTO Standards of Practice<\/title>\n<meta name=\"robots\" content=\"index, follow, max-snippet:-1, max-image-preview:large, max-video-preview:-1\" \/>\n<link rel=\"canonical\" href=\"https:\/\/standards.crto.on.ca\/\" \/>\n<meta property=\"og:locale\" content=\"fr_FR\" \/>\n<meta property=\"og:type\" content=\"article\" \/>\n<meta property=\"og:title\" content=\"Home - CRTO Standards of Practice\" \/>\n<meta property=\"og:description\" content=\"Ordre des th\u00e9rapeutes respiratoires de l&#039;Ontario &nbsp; NORMES DE PRATIQUE &nbsp; le 12 d\u00e9cembre 2025l&#039;Ordre des th\u00e9rapeutes respiratoires de l&#039;Ontario compte par tous les th\u00e9rapeutes respiratoires de l&#039;Ontario dans les soins qu&#039;ils prodiguent aux patients et dans l&#039;exercice de leur profession. Les publications de l&#039;OTRO sont produites en consultation avec des leaders de la profession [&hellip;]\" \/>\n<meta property=\"og:url\" content=\"https:\/\/standards.crto.on.ca\/\" \/>\n<meta property=\"og:site_name\" content=\"CRTO Standards of Practice\" \/>\n<meta property=\"article:modified_time\" content=\"2026-01-12T18:34:27+00:00\" \/>\n<meta name=\"twitter:card\" content=\"summary_large_image\" \/>\n<meta name=\"twitter:label1\" content=\"Est. reading time\" \/>\n\t<meta name=\"twitter:data1\" content=\"8 minutes\" \/>\n<script type=\"application\/ld+json\" class=\"yoast-schema-graph\">{\"@context\":\"https:\/\/schema.org\",\"@graph\":[{\"@type\":\"WebPage\",\"@id\":\"https:\/\/standards.crto.on.ca\/\",\"url\":\"https:\/\/standards.crto.on.ca\/\",\"name\":\"Home - CRTO Standards of Practice\",\"isPartOf\":{\"@id\":\"https:\/\/standards.crto.on.ca\/#website\"},\"datePublished\":\"2017-11-30T18:59:03+00:00\",\"dateModified\":\"2026-01-12T18:34:27+00:00\",\"breadcrumb\":{\"@id\":\"https:\/\/standards.crto.on.ca\/#breadcrumb\"},\"inLanguage\":\"fr-FR\",\"potentialAction\":[{\"@type\":\"ReadAction\",\"target\":[\"https:\/\/standards.crto.on.ca\/\"]}]},{\"@type\":\"BreadcrumbList\",\"@id\":\"https:\/\/standards.crto.on.ca\/#breadcrumb\",\"itemListElement\":[{\"@type\":\"ListItem\",\"position\":1,\"name\":\"Home\",\"item\":\"https:\/\/standards.crto.on.ca\/\"},{\"@type\":\"ListItem\",\"position\":2,\"name\":\"Home\"}]},{\"@type\":\"WebSite\",\"@id\":\"https:\/\/standards.crto.on.ca\/#website\",\"url\":\"https:\/\/standards.crto.on.ca\/\",\"name\":\"CRTO Standards of Practice\",\"description\":\"Standards of Practice\",\"potentialAction\":[{\"@type\":\"SearchAction\",\"target\":{\"@type\":\"EntryPoint\",\"urlTemplate\":\"https:\/\/standards.crto.on.ca\/?s={search_term_string}\"},\"query-input\":{\"@type\":\"PropertyValueSpecification\",\"valueRequired\":true,\"valueName\":\"search_term_string\"}}],\"inLanguage\":\"fr-FR\"}]}<\/script>\n<!-- \/ Yoast SEO plugin. -->","yoast_head_json":{"title":"Home - CRTO Standards of Practice","robots":{"index":"index","follow":"follow","max-snippet":"max-snippet:-1","max-image-preview":"max-image-preview:large","max-video-preview":"max-video-preview:-1"},"canonical":"https:\/\/standards.crto.on.ca\/","og_locale":"fr_FR","og_type":"article","og_title":"Home - CRTO Standards of Practice","og_description":"Ordre des th\u00e9rapeutes respiratoires de l'Ontario &nbsp; NORMES DE PRATIQUE &nbsp; le 12 d\u00e9cembre 2025l'Ordre des th\u00e9rapeutes respiratoires de l'Ontario compte par tous les th\u00e9rapeutes respiratoires de l'Ontario dans les soins qu'ils prodiguent aux patients et dans l'exercice de leur profession. Les publications de l'OTRO sont produites en consultation avec des leaders de la profession [&hellip;]","og_url":"https:\/\/standards.crto.on.ca\/","og_site_name":"CRTO Standards of Practice","article_modified_time":"2026-01-12T18:34:27+00:00","twitter_card":"summary_large_image","twitter_misc":{"Est. reading time":"8 minutes"},"schema":{"@context":"https:\/\/schema.org","@graph":[{"@type":"WebPage","@id":"https:\/\/standards.crto.on.ca\/","url":"https:\/\/standards.crto.on.ca\/","name":"Home - CRTO Standards of Practice","isPartOf":{"@id":"https:\/\/standards.crto.on.ca\/#website"},"datePublished":"2017-11-30T18:59:03+00:00","dateModified":"2026-01-12T18:34:27+00:00","breadcrumb":{"@id":"https:\/\/standards.crto.on.ca\/#breadcrumb"},"inLanguage":"fr-FR","potentialAction":[{"@type":"ReadAction","target":["https:\/\/standards.crto.on.ca\/"]}]},{"@type":"BreadcrumbList","@id":"https:\/\/standards.crto.on.ca\/#breadcrumb","itemListElement":[{"@type":"ListItem","position":1,"name":"Home","item":"https:\/\/standards.crto.on.ca\/"},{"@type":"ListItem","position":2,"name":"Home"}]},{"@type":"WebSite","@id":"https:\/\/standards.crto.on.ca\/#website","url":"https:\/\/standards.crto.on.ca\/","name":"CRTO Standards of Practice","description":"Standards of Practice","potentialAction":[{"@type":"SearchAction","target":{"@type":"EntryPoint","urlTemplate":"https:\/\/standards.crto.on.ca\/?s={search_term_string}"},"query-input":{"@type":"PropertyValueSpecification","valueRequired":true,"valueName":"search_term_string"}}],"inLanguage":"fr-FR"}]}},"_links":{"self":[{"href":"https:\/\/standards.crto.on.ca\/fr\/wp-json\/wp\/v2\/pages\/1012","targetHints":{"allow":["GET"]}}],"collection":[{"href":"https:\/\/standards.crto.on.ca\/fr\/wp-json\/wp\/v2\/pages"}],"about":[{"href":"https:\/\/standards.crto.on.ca\/fr\/wp-json\/wp\/v2\/types\/page"}],"author":[{"embeddable":true,"href":"https:\/\/standards.crto.on.ca\/fr\/wp-json\/wp\/v2\/users\/2"}],"replies":[{"embeddable":true,"href":"https:\/\/standards.crto.on.ca\/fr\/wp-json\/wp\/v2\/comments?post=1012"}],"version-history":[{"count":4,"href":"https:\/\/standards.crto.on.ca\/fr\/wp-json\/wp\/v2\/pages\/1012\/revisions"}],"predecessor-version":[{"id":1377,"href":"https:\/\/standards.crto.on.ca\/fr\/wp-json\/wp\/v2\/pages\/1012\/revisions\/1377"}],"wp:attachment":[{"href":"https:\/\/standards.crto.on.ca\/fr\/wp-json\/wp\/v2\/media?parent=1012"}],"curies":[{"name":"wp","href":"https:\/\/api.w.org\/{rel}","templated":true}]}}