{"id":972,"date":"2017-11-30T01:50:22","date_gmt":"2017-11-30T01:50:22","guid":{"rendered":"http:\/\/standards.crto.on.ca\/?page_id=972"},"modified":"2017-11-30T01:50:22","modified_gmt":"2017-11-30T01:50:22","slug":"standard-8-2","status":"publish","type":"page","link":"https:\/\/standards.crto.on.ca\/fr\/standard-8-2\/","title":{"rendered":"Norme 8"},"content":{"rendered":"<p>[et_pb_section fb_built=\u00a0\u00bb1&Prime; inner_shadow=\u00a0\u00bbon\u00a0\u00bb _builder_version=\u00a0\u00bb3.22&Prime; background_image=\u00a0\u00bbhttps:\/\/standards.crto.on.ca\/wp-content\/uploads\/sites\/21\/2017\/11\/crto-s8-evidence-med-students-light.jpg\u00a0\u00bb background_position=\u00a0\u00bbbottom_center\u00a0\u00bb custom_padding=\u00a0\u00bb50px||50px|\u00a0\u00bb][et_pb_row _builder_version=\u00a0\u00bb3.25&Prime; background_size=\u00a0\u00bbinitial\u00a0\u00bb background_position=\u00a0\u00bbtop_left\u00a0\u00bb background_repeat=\u00a0\u00bbrepeat\u00a0\u00bb custom_padding=\u00a0\u00bb120px||120px|\u00a0\u00bb][et_pb_column type=\u00a0\u00bb4_4&Prime; _builder_version=\u00a0\u00bb3.25&Prime; custom_padding=\u00a0\u00bb|||\u00a0\u00bb custom_padding__hover=\u00a0\u00bb|||\u00a0\u00bb][et_pb_text admin_label=\u00a0\u00bbSTANDARD TITLE\u00a0\u00bb _builder_version=\u00a0\u00bb4.7.7&Prime; module_alignment=\u00a0\u00bbleft\u00a0\u00bb hover_enabled=\u00a0\u00bb0&Prime; sticky_enabled=\u00a0\u00bb0&Prime;]<\/p>\n<h1><strong>NORME 8.<\/strong><\/h1>\n<h1><strong>Pratique fond\u00e9e sur des donn\u00e9es probantes<\/strong><\/h1>\n<p>[\/et_pb_text][et_pb_text admin_label=\u00a0\u00bbSTANDARD DESCRIPTION\u00a0\u00bb _builder_version=\u00a0\u00bb3.27.4&Prime; text_font_size=\u00a0\u00bb20&Prime; text_line_height=\u00a0\u00bb1.8em\u00a0\u00bb module_alignment=\u00a0\u00bbleft\u00a0\u00bb custom_padding=\u00a0\u00bb0px|||\u00a0\u00bb text_font_size_tablet=\u00a0\u00bb16&Prime; text_font_size_phone=\u00a0\u00bb\u00a0\u00bb text_font_size_last_edited=\u00a0\u00bbon|phone\u00a0\u00bb]<\/p>\n<p style=\"text-align: left\">Les th\u00e9rapeutes respiratoires (TR) int\u00e8grent une approche <strong>fond\u00e9e sur des donn\u00e9es probantes<\/strong> dans tous les aspects des soins du <strong>patient\/client<\/strong>.<\/p>\n<p>[\/et_pb_text][\/et_pb_column][\/et_pb_row][\/et_pb_section][et_pb_section fb_built=\u00a0\u00bb1&Prime; _builder_version=\u00a0\u00bb3.22&Prime; custom_padding=\u00a0\u00bb0px||0px|\u00a0\u00bb][et_pb_row use_custom_gutter=\u00a0\u00bbon\u00a0\u00bb gutter_width=\u00a0\u00bb1&Prime; module_class=\u00a0\u00bb et_pb_row_fullwidth\u00a0\u00bb _builder_version=\u00a0\u00bb3.25&Prime; width=\u00a0\u00bb100%\u00a0\u00bb width_tablet=\u00a0\u00bb100%\u00a0\u00bb width_phone=\u00a0\u00bb\u00a0\u00bb width_last_edited=\u00a0\u00bbon|desktop\u00a0\u00bb max_width=\u00a0\u00bb100%\u00a0\u00bb max_width_tablet=\u00a0\u00bb100%\u00a0\u00bb max_width_phone=\u00a0\u00bb\u00a0\u00bb max_width_last_edited=\u00a0\u00bbon|desktop\u00a0\u00bb custom_padding=\u00a0\u00bb0px||0px|\u00a0\u00bb make_fullwidth=\u00a0\u00bbon\u00a0\u00bb][et_pb_column type=\u00a0\u00bb4_4&Prime; _builder_version=\u00a0\u00bb3.25&Prime; custom_padding=\u00a0\u00bb|||\u00a0\u00bb custom_padding__hover=\u00a0\u00bb|||\u00a0\u00bb][et_pb_divider color=\u00a0\u00bb#019bd7&Prime; divider_weight=\u00a0\u00bb3&Prime; disabled_on=\u00a0\u00bboff|off|off\u00a0\u00bb _builder_version=\u00a0\u00bb3.23.4&Prime; height=\u00a0\u00bb0px\u00a0\u00bb][\/et_pb_divider][\/et_pb_column][\/et_pb_row][\/et_pb_section][et_pb_section fb_built=\u00a0\u00bb1&Prime; _builder_version=\u00a0\u00bb3.22&Prime; background_color=\u00a0\u00bb#f9f9f9&Prime; background_image=\u00a0\u00bbhttps:\/\/standards.crto.on.ca\/wp-content\/uploads\/sites\/21\/2017\/09\/crto-pe-patternbackground.jpg\u00a0\u00bb background_position=\u00a0\u00bbbottom_left\u00a0\u00bb custom_css_main_element=\u00a0\u00bbborder-bottom: 4px solid #019bd7&Prime;][et_pb_row column_structure=\u00a0\u00bb1_3,2_3&Prime; _builder_version=\u00a0\u00bb3.25&Prime;][et_pb_column type=\u00a0\u00bb1_3&Prime; _builder_version=\u00a0\u00bb3.25&Prime; custom_padding=\u00a0\u00bb|||\u00a0\u00bb custom_padding__hover=\u00a0\u00bb|||\u00a0\u00bb][et_pb_text admin_label=\u00a0\u00bbPerformance\u00a0\u00bb _builder_version=\u00a0\u00bb3.27.4&Prime; header_font_size=\u00a0\u00bb45px\u00a0\u00bb custom_margin=\u00a0\u00bb||10px|\u00a0\u00bb]<\/p>\n<h2><strong>Exigences en mati\u00e8re de rendement<br \/>\n<\/strong><\/h2>\n<p>[\/et_pb_text][et_pb_divider show_divider=\u00a0\u00bboff\u00a0\u00bb disabled_on=\u00a0\u00bboff\u00a0\u00bb _builder_version=\u00a0\u00bb3.2&Prime; custom_css_before=\u00a0\u00bbwidth: 130px; margin: auto;\u00a0\u00bb hide_on_mobile=\u00a0\u00bboff\u00a0\u00bb saved_tabs=\u00a0\u00bball\u00a0\u00bb][\/et_pb_divider][\/et_pb_column][et_pb_column type=\u00a0\u00bb2_3&Prime; _builder_version=\u00a0\u00bb3.25&Prime; custom_padding=\u00a0\u00bb|||\u00a0\u00bb custom_padding__hover=\u00a0\u00bb|||\u00a0\u00bb][et_pb_text admin_label=\u00a0\u00bbPerformance Expectations\u00a0\u00bb _builder_version=\u00a0\u00bb3.27.4&Prime; custom_padding=\u00a0\u00bb0px|||\u00a0\u00bb]TR :<br \/>\n[\/et_pb_text][et_pb_blurb use_icon=\u00a0\u00bbon\u00a0\u00bb font_icon=\u00a0\u00bb%%24%%\u00a0\u00bb icon_color=\u00a0\u00bb#019bd7&Prime; icon_placement=\u00a0\u00bbleft\u00a0\u00bb _builder_version=\u00a0\u00bb3.0.83&Prime; animation_style=\u00a0\u00bbzoom\u00a0\u00bb]Utilise les donn\u00e9es probantes actuelles li\u00e9es aux soins prodigu\u00e9s au patient\/client.<br \/>\n[\/et_pb_blurb][et_pb_blurb use_icon=\u00a0\u00bbon\u00a0\u00bb font_icon=\u00a0\u00bb%%24%%\u00a0\u00bb icon_color=\u00a0\u00bb#019bd7&Prime; icon_placement=\u00a0\u00bbleft\u00a0\u00bb _builder_version=\u00a0\u00bb3.0.83&Prime; animation_style=\u00a0\u00bbzoom\u00a0\u00bb]\u00c9value les donn\u00e9es probantes actuelles \u00e0 l&rsquo;aide de sa pens\u00e9e critique et de son jugement professionnel pour d\u00e9terminer la pertinence des soins du patient\/client.<br \/>\n[\/et_pb_blurb][et_pb_blurb use_icon=\u00a0\u00bbon\u00a0\u00bb font_icon=\u00a0\u00bb%%24%%\u00a0\u00bb icon_color=\u00a0\u00bb#019bd7&Prime; icon_placement=\u00a0\u00bbleft\u00a0\u00bb _builder_version=\u00a0\u00bb3.0.83&Prime; animation_style=\u00a0\u00bbzoom\u00a0\u00bb]Inclut les donn\u00e9es probantes pertinentes dans le processus d\u00e9cisionnel li\u00e9 aux soins du patient.<br \/>\n[\/et_pb_blurb][et_pb_blurb use_icon=\u00a0\u00bbon\u00a0\u00bb font_icon=\u00a0\u00bb%%24%%\u00a0\u00bb icon_color=\u00a0\u00bb#019bd7&Prime; icon_placement=\u00a0\u00bbleft\u00a0\u00bb _builder_version=\u00a0\u00bb3.0.83&Prime; animation_style=\u00a0\u00bbzoom\u00a0\u00bb]Fait la promotion de l&rsquo;int\u00e9gration des donn\u00e9es probantes, des connaissances, des pratiques exemplaires et des lignes directrices de pratique clinique actuelles dans sa pratique clinique.<br \/>\n[\/et_pb_blurb][et_pb_blurb use_icon=\u00a0\u00bbon\u00a0\u00bb font_icon=\u00a0\u00bb%%24%%\u00a0\u00bb icon_color=\u00a0\u00bb#019bd7&Prime; icon_placement=\u00a0\u00bbleft\u00a0\u00bb _builder_version=\u00a0\u00bb3.0.83&Prime; animation_style=\u00a0\u00bbzoom\u00a0\u00bb]\u00c9value les r\u00e9percussions de ses interventions cliniques sur les soins du patient\/client et apporte les ajustements n\u00e9cessaires.<br \/>\n[\/et_pb_blurb][et_pb_blurb use_icon=\u00a0\u00bbon\u00a0\u00bb font_icon=\u00a0\u00bb%%24%%\u00a0\u00bb icon_color=\u00a0\u00bb#019bd7&Prime; icon_placement=\u00a0\u00bbleft\u00a0\u00bb _builder_version=\u00a0\u00bb3.29.1&Prime; animation_style=\u00a0\u00bbzoom\u00a0\u00bb]<\/p>\n<p>S\u2019abstient de faire une d\u00e9claration au sujet d\u2019un rem\u00e8de, d\u2019un traitement, d\u2019un appareil ou d\u2019une intervention pour lequel il n\u2019existe aucune donn\u00e9e scientifique ou fait empirique.<\/p>\n<p>[\/et_pb_blurb][\/et_pb_column][\/et_pb_row][\/et_pb_section][et_pb_section fb_built=\u00a0\u00bb1&Prime; _builder_version=\u00a0\u00bb3.22&Prime; background_image=\u00a0\u00bbhttps:\/\/standards.crto.on.ca\/wp-content\/uploads\/sites\/21\/2017\/09\/crto-s8-evidence-image8.jpg\u00a0\u00bb parallax=\u00a0\u00bbon\u00a0\u00bb custom_padding=\u00a0\u00bb0px||0px|\u00a0\u00bb][et_pb_row use_custom_gutter=\u00a0\u00bbon\u00a0\u00bb gutter_width=\u00a0\u00bb1&Prime; module_class=\u00a0\u00bb et_pb_row_fullwidth\u00a0\u00bb _builder_version=\u00a0\u00bb3.25&Prime; background_color=\u00a0\u00bbrgba(255,255,255,0.3)\u00a0\u00bb use_background_color_gradient=\u00a0\u00bbon\u00a0\u00bb background_color_gradient_start=\u00a0\u00bbrgba(255,255,255,0.85)\u00a0\u00bb background_color_gradient_end=\u00a0\u00bbrgba(255,255,255,0.21)\u00a0\u00bb background_color_gradient_type=\u00a0\u00bbradial\u00a0\u00bb background_color_gradient_start_position=\u00a0\u00bb41%\u00a0\u00bb background_color_gradient_end_position=\u00a0\u00bb82%\u00a0\u00bb width=\u00a0\u00bb100%\u00a0\u00bb width_tablet=\u00a0\u00bb100%\u00a0\u00bb width_phone=\u00a0\u00bb\u00a0\u00bb width_last_edited=\u00a0\u00bbon|desktop\u00a0\u00bb max_width=\u00a0\u00bb100%\u00a0\u00bb max_width_tablet=\u00a0\u00bb100%\u00a0\u00bb max_width_phone=\u00a0\u00bb\u00a0\u00bb max_width_last_edited=\u00a0\u00bbon|desktop\u00a0\u00bb custom_css_main_element=\u00a0\u00bbpadding-top:130px;||padding-bottom:130px;\u00a0\u00bb make_fullwidth=\u00a0\u00bbon\u00a0\u00bb][et_pb_column type=\u00a0\u00bb4_4&Prime; _builder_version=\u00a0\u00bb3.25&Prime; custom_padding=\u00a0\u00bb|||\u00a0\u00bb custom_padding__hover=\u00a0\u00bb|||\u00a0\u00bb][et_pb_text admin_label=\u00a0\u00bbPatient\/Client Expected Outcome\u00a0\u00bb _builder_version=\u00a0\u00bb3.27.4&Prime; custom_padding=\u00a0\u00bb|25%||25%\u00a0\u00bb]<\/p>\n<h2 style=\"text-align: center\">R\u00e9sultats attendus pour le patient\/client<\/h2>\n<p style=\"text-align: center\">Les patients\/clients peuvent s&rsquo;attendre \u00e0 ce que les soins qu&rsquo;ils re\u00e7oivent du RT s&rsquo;appuient sur un processus d\u00e9cisionnel fond\u00e9 sur l&rsquo;information et les recherches actuelles.<\/p>\n<p>[\/et_pb_text][\/et_pb_column][\/et_pb_row][\/et_pb_section][et_pb_section fb_built=\u00a0\u00bb1&Prime; _builder_version=\u00a0\u00bb3.22&Prime;][et_pb_row column_structure=\u00a0\u00bb1_2,1_2&Prime; _builder_version=\u00a0\u00bb3.25&Prime; background_size=\u00a0\u00bbinitial\u00a0\u00bb background_position=\u00a0\u00bbtop_left\u00a0\u00bb background_repeat=\u00a0\u00bbrepeat\u00a0\u00bb animation_style=\u00a0\u00bbflip\u00a0\u00bb][et_pb_column type=\u00a0\u00bb1_2&Prime; _builder_version=\u00a0\u00bb3.25&Prime; custom_padding=\u00a0\u00bb|||\u00a0\u00bb custom_padding__hover=\u00a0\u00bb|||\u00a0\u00bb][et_pb_toggle title=\u00a0\u00bbRESSOURCES CONNEXES\u00a0\u00bb admin_label=\u00a0\u00bbRESOURCES\u00a0\u00bb _builder_version=\u00a0\u00bb3.29.1&Prime;]<\/p>\n<ul>\n<li>Ordre des th\u00e9rapeutes respiratoires de l&rsquo;Ontario. (2010). <em>Engagement envers un exercice moral<\/em>. Consultable au : <a href=\"http:\/\/www.crto.on.ca\/pdf\/fr\/Ethics_fr.pdf\">http:\/\/www.crto.on.ca\/pdf\/fr\/Ethics_fr.pdf<\/a><\/li>\n<li>Alliance nationale des organismes de r\u00e9glementation en th\u00e9rapie respiratoire. (2016).<em> R\u00e9f\u00e9rentiel national des comp\u00e9tences pour les professions de la th\u00e9rapie respiratoire. Partie 1. Normes nationales des comp\u00e9tences requises pour l&rsquo;entr\u00e9e en pratique.<\/em> Consultable au : <a href=\"http:\/\/www.csrt.com\/fr\/referentiel-national-des-competences-rnc-2016\/\"> http:\/\/www.csrt.com\/fr\/referentiel-national-des-competences-rnc-2016\/<\/a><\/li>\n<\/ul>\n<p>[\/et_pb_toggle][et_pb_toggle title=\u00a0\u00bbGLOSSAIRE\u00a0\u00bb admin_label=\u00a0\u00bbGLOSSARY\u00a0\u00bb _builder_version=\u00a0\u00bb3.0.83&Prime;]<strong>Fond\u00e9 sur des donn\u00e9es probantes <\/strong>signifie une \u00ab pratique qui est fond\u00e9e sur des strat\u00e9gies couronn\u00e9es de succ\u00e8s qui am\u00e9liorent les r\u00e9sultats pour le client et qui sont tir\u00e9es d&rsquo;une combinaison de diff\u00e9rentes sources de donn\u00e9es, y compris le point de vue du client, la recherche, les lignes directrices nationales, les politiques, les d\u00e9clarations consensuelles, les opinions d&rsquo;experts et les donn\u00e9es sur l&rsquo;am\u00e9lioration de la qualit\u00e9 \u00bb.<a name=\"_ftnref1\" href=\"#footnote\">[1]<\/a><\/p>\n<p><strong>Patient\/client <\/strong> renvoie aux personnes ayant besoin de soins ou de services et \u00e0 leur famille. Cette d\u00e9finition peut \u00e9galement comprendre le tuteur ou le mandataire sp\u00e9cial de la personne.<a name=\"_ftnref1\" href=\"#footnote\">[2]<\/a><br \/>\n[\/et_pb_toggle][\/et_pb_column][et_pb_column type=\u00a0\u00bb1_2&Prime; _builder_version=\u00a0\u00bb3.25&Prime; background_color=\u00a0\u00bbrgba(156,195,214,0.11)\u00a0\u00bb custom_padding=\u00a0\u00bb25px|30px|30px|30px\u00a0\u00bb custom_padding__hover=\u00a0\u00bb|||\u00a0\u00bb][et_pb_text admin_label=\u00a0\u00bbRelated Standards\u00a0\u00bb _builder_version=\u00a0\u00bb3.27.4&Prime; header_font_size=\u00a0\u00bb45px\u00a0\u00bb custom_margin=\u00a0\u00bb||10px|\u00a0\u00bb]<\/p>\n<h2><strong>Normes connexes<br \/>\n<\/strong><\/h2>\n<p>[\/et_pb_text][et_pb_divider show_divider=\u00a0\u00bboff\u00a0\u00bb disabled_on=\u00a0\u00bboff\u00a0\u00bb _builder_version=\u00a0\u00bb3.2&Prime; custom_css_before=\u00a0\u00bbwidth: 130px; margin: auto;\u00a0\u00bb hide_on_mobile=\u00a0\u00bboff\u00a0\u00bb saved_tabs=\u00a0\u00bball\u00a0\u00bb][\/et_pb_divider][et_pb_blurb url=\u00a0\u00bb\/standard-10&Prime; use_icon=\u00a0\u00bbon\u00a0\u00bb font_icon=\u00a0\u00bb%%3%%\u00a0\u00bb icon_color=\u00a0\u00bb#019bd7&Prime; icon_placement=\u00a0\u00bbleft\u00a0\u00bb use_icon_font_size=\u00a0\u00bbon\u00a0\u00bb icon_font_size=\u00a0\u00bb26px\u00a0\u00bb _builder_version=\u00a0\u00bb3.0.83&Prime;]<a href=\"\/standard-10\/?lang=fr\">S10. \u00c9valuation du patient\/client et proc\u00e9dures th\u00e9rapeutiques<\/a><br \/>\n[\/et_pb_blurb][et_pb_blurb url=\u00a0\u00bb\/standard-13&Prime; use_icon=\u00a0\u00bbon\u00a0\u00bb font_icon=\u00a0\u00bb%%3%%\u00a0\u00bb icon_color=\u00a0\u00bb#019bd7&Prime; icon_placement=\u00a0\u00bbleft\u00a0\u00bb use_icon_font_size=\u00a0\u00bbon\u00a0\u00bb icon_font_size=\u00a0\u00bb26px\u00a0\u00bb _builder_version=\u00a0\u00bb3.0.83&Prime; max_width_tablet=\u00a0\u00bb50px\u00a0\u00bb]<a href=\"\/standard-13\/?lang=fr\">S13. Responsabilit\u00e9s professionnelles<\/a><br \/>\n[\/et_pb_blurb][\/et_pb_column][\/et_pb_row][\/et_pb_section][et_pb_section fb_built=\u00a0\u00bb1&Prime; _builder_version=\u00a0\u00bb3.22&Prime; custom_padding=\u00a0\u00bb0px||2px|\u00a0\u00bb][et_pb_row use_custom_gutter=\u00a0\u00bbon\u00a0\u00bb gutter_width=\u00a0\u00bb1&Prime; module_class=\u00a0\u00bb et_pb_row_fullwidth\u00a0\u00bb _builder_version=\u00a0\u00bb3.25&Prime; width=\u00a0\u00bb100%\u00a0\u00bb width_tablet=\u00a0\u00bb100%\u00a0\u00bb width_phone=\u00a0\u00bb\u00a0\u00bb width_last_edited=\u00a0\u00bbon|desktop\u00a0\u00bb max_width=\u00a0\u00bb100%\u00a0\u00bb max_width_tablet=\u00a0\u00bb100%\u00a0\u00bb max_width_phone=\u00a0\u00bb\u00a0\u00bb max_width_last_edited=\u00a0\u00bbon|desktop\u00a0\u00bb custom_padding=\u00a0\u00bb0px||0px|\u00a0\u00bb make_fullwidth=\u00a0\u00bbon\u00a0\u00bb][et_pb_column type=\u00a0\u00bb4_4&Prime; _builder_version=\u00a0\u00bb3.25&Prime; custom_padding=\u00a0\u00bb|||\u00a0\u00bb custom_padding__hover=\u00a0\u00bb|||\u00a0\u00bb][et_pb_divider color=\u00a0\u00bb#019bd7&Prime; divider_weight=\u00a0\u00bb3&Prime; disabled_on=\u00a0\u00bbon|on|off\u00a0\u00bb _builder_version=\u00a0\u00bb3.23.4&Prime; height=\u00a0\u00bb0px\u00a0\u00bb][\/et_pb_divider][\/et_pb_column][\/et_pb_row][\/et_pb_section][et_pb_section fb_built=\u00a0\u00bb1&Prime; inner_shadow=\u00a0\u00bbon\u00a0\u00bb module_id=\u00a0\u00bbfootnote\u00a0\u00bb _builder_version=\u00a0\u00bb3.22&Prime; use_background_color_gradient=\u00a0\u00bbon\u00a0\u00bb background_color_gradient_start=\u00a0\u00bb#ffffff\u00a0\u00bb background_color_gradient_end=\u00a0\u00bb#ededed\u00a0\u00bb background_color_gradient_type=\u00a0\u00bbradial\u00a0\u00bb background_color_gradient_start_position=\u00a0\u00bb53%\u00a0\u00bb custom_padding=\u00a0\u00bb20px||20px|\u00a0\u00bb][et_pb_row _builder_version=\u00a0\u00bb3.25&Prime;][et_pb_column type=\u00a0\u00bb4_4&Prime; _builder_version=\u00a0\u00bb3.25&Prime; custom_padding=\u00a0\u00bb|||\u00a0\u00bb custom_padding__hover=\u00a0\u00bb|||\u00a0\u00bb][et_pb_text admin_label=\u00a0\u00bbFOOTNOTES\u00a0\u00bb module_id=\u00a0\u00bbfootnote\u00a0\u00bb _builder_version=\u00a0\u00bb3.27.4&Prime; text_font_size=\u00a0\u00bb12&Prime; module_alignment=\u00a0\u00bbleft\u00a0\u00bb]<\/p>\n<h4><strong>NOTE EN BAS DE PAGE<br \/>\n<\/strong><\/h4>\n<ol>\n<li>L\u2019Ordre des infirmi\u00e8res et infirmiers de l\u2019Ontario. (2014). <em>Entry to Practice Competencies<\/em>. Consultable au : <a href=\"http:\/\/www.cno.org\/globalassets\/docs\/reg\/41042_entrypracrpn.pdf\">http:\/\/www.cno.org\/globalassets\/docs\/reg\/41042_entrypracrpn.pdf<\/a><\/li>\n<li>Adapt\u00e9 de l&rsquo;Ordre des th\u00e9rapeutes respiratoires de l&rsquo;Ontario. (2010). <em>Engagement envers un exercice moral.<\/em> Consultable au : <a href=\"http:\/\/www.crto.on.ca\/pdf\/fr\/Ethics_fr.pdf\">http:\/\/www.crto.on.ca\/pdf\/fr\/Ethics_fr.pdf<\/a><\/li>\n<\/ol>\n<p>[\/et_pb_text][\/et_pb_column][\/et_pb_row][\/et_pb_section]<\/p>\n","protected":false},"excerpt":{"rendered":"<p>NORME 8. Pratique fond\u00e9e sur des donn\u00e9es probantes Les th\u00e9rapeutes respiratoires (TR) int\u00e8grent une approche fond\u00e9e sur des donn\u00e9es probantes dans tous les aspects des soins du patient\/client. Exigences en mati\u00e8re de rendement TR : Utilise les donn\u00e9es probantes actuelles li\u00e9es aux soins prodigu\u00e9s au patient\/client. \u00c9value les donn\u00e9es probantes actuelles \u00e0 l&rsquo;aide de sa [&hellip;]<\/p>\n","protected":false},"author":2,"featured_media":0,"parent":0,"menu_order":0,"comment_status":"closed","ping_status":"closed","template":"","meta":{"_et_pb_use_builder":"on","_et_pb_old_content":"","_et_gb_content_width":"","footnotes":""},"class_list":["post-972","page","type-page","status-publish","hentry"],"yoast_head":"<!-- This site is optimized with the Yoast SEO plugin v26.9 - https:\/\/yoast.com\/product\/yoast-seo-wordpress\/ -->\n<title>Norme 8 - CRTO Standards of Practice<\/title>\n<meta name=\"robots\" content=\"index, follow, max-snippet:-1, max-image-preview:large, max-video-preview:-1\" \/>\n<link rel=\"canonical\" href=\"https:\/\/standards.crto.on.ca\/fr\/standard-8-2\/\" \/>\n<meta property=\"og:locale\" content=\"fr_FR\" \/>\n<meta property=\"og:type\" content=\"article\" \/>\n<meta property=\"og:title\" content=\"Norme 8 - CRTO Standards of Practice\" \/>\n<meta property=\"og:description\" content=\"NORME 8. Pratique fond\u00e9e sur des donn\u00e9es probantes Les th\u00e9rapeutes respiratoires (TR) int\u00e8grent une approche fond\u00e9e sur des donn\u00e9es probantes dans tous les aspects des soins du patient\/client. Exigences en mati\u00e8re de rendement TR : Utilise les donn\u00e9es probantes actuelles li\u00e9es aux soins prodigu\u00e9s au patient\/client. \u00c9value les donn\u00e9es probantes actuelles \u00e0 l&#039;aide de sa [&hellip;]\" \/>\n<meta property=\"og:url\" content=\"https:\/\/standards.crto.on.ca\/fr\/standard-8-2\/\" \/>\n<meta property=\"og:site_name\" content=\"CRTO Standards of Practice\" \/>\n<meta name=\"twitter:card\" content=\"summary_large_image\" \/>\n<meta name=\"twitter:label1\" content=\"Est. reading time\" \/>\n\t<meta name=\"twitter:data1\" content=\"8 minutes\" \/>\n<script type=\"application\/ld+json\" class=\"yoast-schema-graph\">{\"@context\":\"https:\/\/schema.org\",\"@graph\":[{\"@type\":\"WebPage\",\"@id\":\"https:\/\/standards.crto.on.ca\/fr\/standard-8-2\/\",\"url\":\"https:\/\/standards.crto.on.ca\/fr\/standard-8-2\/\",\"name\":\"Norme 8 - CRTO Standards of Practice\",\"isPartOf\":{\"@id\":\"https:\/\/standards.crto.on.ca\/#website\"},\"datePublished\":\"2017-11-30T01:50:22+00:00\",\"breadcrumb\":{\"@id\":\"https:\/\/standards.crto.on.ca\/fr\/standard-8-2\/#breadcrumb\"},\"inLanguage\":\"fr-FR\",\"potentialAction\":[{\"@type\":\"ReadAction\",\"target\":[\"https:\/\/standards.crto.on.ca\/fr\/standard-8-2\/\"]}]},{\"@type\":\"BreadcrumbList\",\"@id\":\"https:\/\/standards.crto.on.ca\/fr\/standard-8-2\/#breadcrumb\",\"itemListElement\":[{\"@type\":\"ListItem\",\"position\":1,\"name\":\"Home\",\"item\":\"https:\/\/standards.crto.on.ca\/\"},{\"@type\":\"ListItem\",\"position\":2,\"name\":\"Norme 8\"}]},{\"@type\":\"WebSite\",\"@id\":\"https:\/\/standards.crto.on.ca\/#website\",\"url\":\"https:\/\/standards.crto.on.ca\/\",\"name\":\"CRTO Standards of Practice\",\"description\":\"Standards of Practice\",\"potentialAction\":[{\"@type\":\"SearchAction\",\"target\":{\"@type\":\"EntryPoint\",\"urlTemplate\":\"https:\/\/standards.crto.on.ca\/?s={search_term_string}\"},\"query-input\":{\"@type\":\"PropertyValueSpecification\",\"valueRequired\":true,\"valueName\":\"search_term_string\"}}],\"inLanguage\":\"fr-FR\"}]}<\/script>\n<!-- \/ Yoast SEO plugin. -->","yoast_head_json":{"title":"Norme 8 - CRTO Standards of Practice","robots":{"index":"index","follow":"follow","max-snippet":"max-snippet:-1","max-image-preview":"max-image-preview:large","max-video-preview":"max-video-preview:-1"},"canonical":"https:\/\/standards.crto.on.ca\/fr\/standard-8-2\/","og_locale":"fr_FR","og_type":"article","og_title":"Norme 8 - CRTO Standards of Practice","og_description":"NORME 8. Pratique fond\u00e9e sur des donn\u00e9es probantes Les th\u00e9rapeutes respiratoires (TR) int\u00e8grent une approche fond\u00e9e sur des donn\u00e9es probantes dans tous les aspects des soins du patient\/client. Exigences en mati\u00e8re de rendement TR : Utilise les donn\u00e9es probantes actuelles li\u00e9es aux soins prodigu\u00e9s au patient\/client. \u00c9value les donn\u00e9es probantes actuelles \u00e0 l'aide de sa [&hellip;]","og_url":"https:\/\/standards.crto.on.ca\/fr\/standard-8-2\/","og_site_name":"CRTO Standards of Practice","twitter_card":"summary_large_image","twitter_misc":{"Est. reading time":"8 minutes"},"schema":{"@context":"https:\/\/schema.org","@graph":[{"@type":"WebPage","@id":"https:\/\/standards.crto.on.ca\/fr\/standard-8-2\/","url":"https:\/\/standards.crto.on.ca\/fr\/standard-8-2\/","name":"Norme 8 - CRTO Standards of Practice","isPartOf":{"@id":"https:\/\/standards.crto.on.ca\/#website"},"datePublished":"2017-11-30T01:50:22+00:00","breadcrumb":{"@id":"https:\/\/standards.crto.on.ca\/fr\/standard-8-2\/#breadcrumb"},"inLanguage":"fr-FR","potentialAction":[{"@type":"ReadAction","target":["https:\/\/standards.crto.on.ca\/fr\/standard-8-2\/"]}]},{"@type":"BreadcrumbList","@id":"https:\/\/standards.crto.on.ca\/fr\/standard-8-2\/#breadcrumb","itemListElement":[{"@type":"ListItem","position":1,"name":"Home","item":"https:\/\/standards.crto.on.ca\/"},{"@type":"ListItem","position":2,"name":"Norme 8"}]},{"@type":"WebSite","@id":"https:\/\/standards.crto.on.ca\/#website","url":"https:\/\/standards.crto.on.ca\/","name":"CRTO Standards of Practice","description":"Standards of Practice","potentialAction":[{"@type":"SearchAction","target":{"@type":"EntryPoint","urlTemplate":"https:\/\/standards.crto.on.ca\/?s={search_term_string}"},"query-input":{"@type":"PropertyValueSpecification","valueRequired":true,"valueName":"search_term_string"}}],"inLanguage":"fr-FR"}]}},"_links":{"self":[{"href":"https:\/\/standards.crto.on.ca\/fr\/wp-json\/wp\/v2\/pages\/972","targetHints":{"allow":["GET"]}}],"collection":[{"href":"https:\/\/standards.crto.on.ca\/fr\/wp-json\/wp\/v2\/pages"}],"about":[{"href":"https:\/\/standards.crto.on.ca\/fr\/wp-json\/wp\/v2\/types\/page"}],"author":[{"embeddable":true,"href":"https:\/\/standards.crto.on.ca\/fr\/wp-json\/wp\/v2\/users\/2"}],"replies":[{"embeddable":true,"href":"https:\/\/standards.crto.on.ca\/fr\/wp-json\/wp\/v2\/comments?post=972"}],"version-history":[{"count":0,"href":"https:\/\/standards.crto.on.ca\/fr\/wp-json\/wp\/v2\/pages\/972\/revisions"}],"wp:attachment":[{"href":"https:\/\/standards.crto.on.ca\/fr\/wp-json\/wp\/v2\/media?parent=972"}],"curies":[{"name":"wp","href":"https:\/\/api.w.org\/{rel}","templated":true}]}}